{"id":1606,"date":"2021-04-27T16:52:44","date_gmt":"2021-04-27T16:52:44","guid":{"rendered":"https:\/\/mddmontserrat.com\/politica-de-privacidad\/"},"modified":"2022-01-10T11:30:42","modified_gmt":"2022-01-10T11:30:42","slug":"politica-de-privacitat","status":"publish","type":"page","link":"https:\/\/mddmontserrat.com\/ca\/politica-de-privacitat\/","title":{"rendered":"Pol\u00edtica de privacitat"},"content":{"rendered":"<div class=\"wpb-content-wrapper\"><p>[vc_row css_animation=&#8221;&#8221; row_type=&#8221;row&#8221; use_row_as_full_screen_section=&#8221;no&#8221; type=&#8221;full_width&#8221; angled_section=&#8221;no&#8221; text_align=&#8221;left&#8221; background_image_as_pattern=&#8221;without_pattern&#8221;][vc_column][vc_column_text]<strong>1. INFORMACI\u00d3 A L&#8217;USUARI<\/strong><\/p>\n<p>&nbsp;<\/p>\n<p>CADESA, SL en endavant RESPONSABLE, \u00e9s el Responsable del tractament de les dades personals de l&#8217;Usuari i us informa que aquestes dades seran tractades de conformitat amb el que disposen les normatives vigents en protecci\u00f3 de dades personals, el Reglament (UE) 2016\/679 de 27 d&#8217;abril del 2016 (GDPR) relatiu a la protecci\u00f3 de les persones f\u00edsiques pel que fa al tractament de dades personals ia la lliure circulaci\u00f3 d&#8217;aquestes dades i la Llei Org\u00e0nica (ES) 15\/1999 de 13 de desembre (LOPD) relativa a la protecci\u00f3 de dades de car\u00e0cter personal, per la qual cosa se li facilita la seg\u00fcent informaci\u00f3 del tractament:<\/p>\n<p>Fi del tractament: mantenir una relaci\u00f3 comercial amb l&#8217;usuari. Les operacions previstes per realitzar el tractament s\u00f3n:<br \/>\n&gt; Remissi\u00f3 de comunicacions comercials publicit\u00e0ries per email, fax, SMS, MMS, Whatssapp, comunitats socials o qualsevol altre mitj\u00e0 electr\u00f2nic o f\u00edsic, present o futur, que faci possible realitzar comunicacions comercials. Aquestes comunicacions seran realitzades pel RESPONSABLE i relacionades sobre els seus productes i serveis, o dels seus col\u00b7laboradors o prove\u00efdors amb qu\u00e8 aquest hagi assolit algun acord de promoci\u00f3. En aquest cas, els tercers mai tindran acc\u00e9s a les dades personals.<br \/>\n&gt; Realitzar estudis estad\u00edstics.<br \/>\n&gt; Tramitar enc\u00e0rrecs, sol\u00b7licituds o qualsevol tipus de petici\u00f3 que sigui realitzada per l&#8217;usuari a trav\u00e9s de qualsevol de les formes de contacte que es posen a la vostra disposici\u00f3.<br \/>\n&gt; Remetre el butllet\u00ed de not\u00edcies de la p\u00e0gina web.<\/p>\n<p>Criteris de conservaci\u00f3 de les dades: es conservaran mentre hi hagi un inter\u00e8s mutu per mantenir la fi del tractament i quan ja no sigui necessari per a tal fi, se suprimiran amb mesures de seguretat adequades per garantir la pseudonimitzaci\u00f3 de les dades o la destrucci\u00f3 total de les dades. mateixos.<\/p>\n<p>Comunicaci\u00f3 de les dades: No es comunicaran les dades a tercers, excepte obligaci\u00f3 legal.<br \/>\nDrets que assisteixen a l&#8217;Usuari:<br \/>\n&gt; Dret a retirar el consentiment a qualsevol moment.<br \/>\n&gt; Dret d&#8217;acc\u00e9s, rectificaci\u00f3, portabilitat i supressi\u00f3 de les vostres dades ia la limitaci\u00f3 o oposici\u00f3 al tractament.<br \/>\n&gt; Dret a presentar una reclamaci\u00f3 davant l&#8217;autoritat de control (agpd.es) si considera que el tractament no s&#8217;ajusta a la normativa vigent.<\/p>\n<p>Dades de contacte per exercir els vostres drets:<br \/>\nAdre\u00e7a postal: Resid\u00e8ncia Mare de D\u00e9u de Montserra C\/ Cienfuegos, 27, 08027 Barcelona, \u200b\u200bEspanya.<br \/>\nTel\u00e8fon: 93 352 80 07<br \/>\nAdre\u00e7a electr\u00f2nica: cadesa@hotmail.com<\/p>\n<p>&nbsp;<\/p>\n<p><strong>2. CAR\u00c0CTER OBLIGATORI O FACULTATIU DE LA INFORMACI\u00d3 FACILITADA PEL USUARI<\/strong><\/p>\n<p>&nbsp;<\/p>\n<p>Els Usuaris, mitjan\u00e7ant la marcaci\u00f3 de les caselles corresponents i entrada de dades als camps, marcats amb un asterisc (*) al formulari de contacte o presentats en formularis de desc\u00e0rrega, accepten expressament i de forma lliure i inequ\u00edvoca, que les seves dades s\u00f3n necessaris per atendre la seva petici\u00f3, per part del prestador, sent volunt\u00e0ria la inclusi\u00f3 de dades en els camps restants. L&#8217;Usuari garanteix que les dades personals facilitades al RESPONSABLE s\u00f3n veraces i es fa responsable de comunicar-ne qualsevol modificaci\u00f3.<br \/>\nEl RESPONSABLE informa i garanteix expressament als usuaris que les seves dades personals no seran cedides en cap cas a tercers, i que sempre que realitz\u00e9s algun tipus de cessi\u00f3 de dades personals, es demanar\u00e0 pr\u00e8viament el consentiment expr\u00e9s, informat i inequ\u00edvoc per part dels usuaris. Totes les dades sol\u00b7licitades a trav\u00e9s del lloc web s\u00f3n obligat\u00f2ries, ja que s\u00f3n necess\u00e0ries per a la prestaci\u00f3 d&#8217;un servei \u00f2ptim a l&#8217;Usuari. En cas que no siguin facilitades totes les dades, no es garanteix que la informaci\u00f3 i serveis facilitats siguin completament ajustats a les seves necessitats.<\/p>\n<p>&nbsp;<\/p>\n<p><strong>3. MESURES DE SEGURETAT<\/strong><\/p>\n<p>&nbsp;<\/p>\n<p>Que de conformitat amb el que disposen les normatives vigents en protecci\u00f3 de dades personals, el RESPONSABLE est\u00e0 complint amb totes les disposicions de les normatives GDPR i LOPD per al tractament de les dades personals de la seva responsabilitat, i manifestament amb els principis descrits a l&#8217;article 5 del GDPR i en l&#8217;article 4 de la LOPD, pels quals s\u00f3n tractats de manera l\u00edcita, lleial i transparent en relaci\u00f3 amb l&#8217;interessat i adequats, pertinents i limitats al necessari en relaci\u00f3 amb els fins per als quals s\u00f3n tractats.<br \/>\nEl RESPONSABLE garanteix que ha implementat pol\u00edtiques t\u00e8cniques i organitzatives apropiades per aplicar les mesures de seguretat que estableixen el GDPR i la LOPD per tal de protegir els drets i llibertats dels Usuaris i els ha comunicat la informaci\u00f3 adequada perqu\u00e8 puguin exercir-los.[\/vc_column_text][\/vc_column][\/vc_row][vc_row css_animation=&#8221;&#8221; row_type=&#8221;row&#8221; use_row_as_full_screen_section=&#8221;no&#8221; type=&#8221;full_width&#8221; angled_section=&#8221;no&#8221; text_align=&#8221;left&#8221; background_image_as_pattern=&#8221;without_pattern&#8221;][vc_column][vc_empty_space height=&#8221;60px&#8221;][\/vc_column][\/vc_row]<\/p>\n<\/div>","protected":false},"excerpt":{"rendered":"<p>[vc_row css_animation=&#8221;&#8221; row_type=&#8221;row&#8221; use_row_as_full_screen_section=&#8221;no&#8221; type=&#8221;full_width&#8221; angled_section=&#8221;no&#8221; text_align=&#8221;left&#8221; background_image_as_pattern=&#8221;without_pattern&#8221;][vc_column][vc_column_text]1. INFORMACI\u00d3 A L&#8217;USUARI &nbsp; CADESA, SL en endavant RESPONSABLE, \u00e9s el Responsable del tractament de les dades personals de l&#8217;Usuari i us informa que aquestes dades seran tractades de conformitat amb el que disposen les normatives vigents&#8230;<\/p>\n","protected":false},"author":1,"featured_media":0,"parent":0,"menu_order":0,"comment_status":"closed","ping_status":"open","template":"","meta":{"footnotes":""},"yst_prominent_words":[],"class_list":["post-1606","page","type-page","status-publish","hentry"],"_links":{"self":[{"href":"https:\/\/mddmontserrat.com\/ca\/wp-json\/wp\/v2\/pages\/1606","targetHints":{"allow":["GET"]}}],"collection":[{"href":"https:\/\/mddmontserrat.com\/ca\/wp-json\/wp\/v2\/pages"}],"about":[{"href":"https:\/\/mddmontserrat.com\/ca\/wp-json\/wp\/v2\/types\/page"}],"author":[{"embeddable":true,"href":"https:\/\/mddmontserrat.com\/ca\/wp-json\/wp\/v2\/users\/1"}],"replies":[{"embeddable":true,"href":"https:\/\/mddmontserrat.com\/ca\/wp-json\/wp\/v2\/comments?post=1606"}],"version-history":[{"count":3,"href":"https:\/\/mddmontserrat.com\/ca\/wp-json\/wp\/v2\/pages\/1606\/revisions"}],"predecessor-version":[{"id":1609,"href":"https:\/\/mddmontserrat.com\/ca\/wp-json\/wp\/v2\/pages\/1606\/revisions\/1609"}],"wp:attachment":[{"href":"https:\/\/mddmontserrat.com\/ca\/wp-json\/wp\/v2\/media?parent=1606"}],"wp:term":[{"taxonomy":"yst_prominent_words","embeddable":true,"href":"https:\/\/mddmontserrat.com\/ca\/wp-json\/wp\/v2\/yst_prominent_words?post=1606"}],"curies":[{"name":"wp","href":"https:\/\/api.w.org\/{rel}","templated":true}]}}