{"id":880,"date":"2021-06-03T08:53:07","date_gmt":"2021-06-03T08:53:07","guid":{"rendered":"https:\/\/mddmontserrat.com\/?page_id=880"},"modified":"2022-07-28T11:53:56","modified_gmt":"2022-07-28T11:53:56","slug":"residencia-per-gent-gran-barcelona-mare-deu-montserrat","status":"publish","type":"page","link":"https:\/\/mddmontserrat.com\/ca\/","title":{"rendered":"Resid\u00e8ncia per a gent gran a  Barcelona &#8211; Mare de D\u00e9u de Montserrat"},"content":{"rendered":"<div class=\"wpb-content-wrapper\"><p>[vc_row css_animation=&#8221;&#8221; row_type=&#8221;row&#8221; use_row_as_full_screen_section=&#8221;no&#8221; type=&#8221;full_width&#8221; angled_section=&#8221;no&#8221; text_align=&#8221;left&#8221; background_image_as_pattern=&#8221;without_pattern&#8221;][vc_column][rev_slider_vc alias=&#8221;Inicio&#8221;][\/vc_column][\/vc_row][vc_row css_animation=&#8221;&#8221; row_type=&#8221;row&#8221; use_row_as_full_screen_section=&#8221;no&#8221; type=&#8221;grid&#8221; angled_section=&#8221;no&#8221; text_align=&#8221;center&#8221; background_image_as_pattern=&#8221;without_pattern&#8221; z_index=&#8221;&#8221; background_color=&#8221;#ffffff&#8221;][vc_column][vc_empty_space][vc_column_text]<\/p>\n<h1 style=\"font-size: 24px; color: #684734; font-weight: bold; margin-bottom: 17px; text-decoration: underline;\">Resid\u00e8ncia per a gent gran a Barcelona<\/h1>\n<p><span style=\"color: #684734; font-family: Poppins, sans-serif; font-size: 40px; font-weight: 300;\">Benvinguts a la Resid\u00e8ncia Mare de D\u00e9u de Montserrat<\/span>[\/vc_column_text][vc_empty_space][vc_column_text]Al centre de Barcelona, \u200b\u200b<span class=\"hiddenGrammarError\">a pocs minuts de<\/span> Sagrada Fam\u00edlia i de la pla\u00e7a de les Gl\u00f2ries, es troba el nostre centre per a gent gran <strong><span style=\"color: #684734;\">Mare de D\u00e9u de Montserrat<\/span><\/strong>. La resid\u00e8ncia t\u00e9 capacitat per a 22 places, 17 de les quals tenen habitaci\u00f3 doble i la resta s\u00f3n habitacions individuals, totalment adaptades a les necessitats dels nostres usuaris. Disposem de places privades i tramitem ajuts per al pagament de la pla\u00e7a.<\/p>\n<p>&nbsp;<\/p>\n<p>El centro est\u00e0\u00a0ubicat en un edifici dels barris m\u00e9s tranquils de la ciutat, amb facilitats per aparcar i un acc\u00e9s privilegiat al transport p\u00fablic.[\/vc_column_text][vc_empty_space height=&#8221;25px&#8221;]<a  itemprop=\"url\" href=\"https:\/\/mddmontserrat.com\/sample-page\/quienes-somos\/\" target=\"_self\" data-hover-background-color='#cab085' data-hover-border-color='#cab085'  class=\"qbutton  medium center enlarge\" style=\"color: #684734; border-color: #cab085; background-color: #cab085;\">M\u00e9s informaci\u00f3<span aria-hidden=\"true\" class=\"qode_icon_font_elegant arrow_carrot-2right qode_button_icon_element\" style=\"color: #684734;\" ><\/span><\/a>[vc_empty_space height=&#8221;60px&#8221;][\/vc_column][\/vc_row][vc_row css_animation=&#8221;element_from_bottom&#8221; row_type=&#8221;row&#8221; use_row_as_full_screen_section=&#8221;yes&#8221; type=&#8221;grid&#8221; angled_section=&#8221;no&#8221; text_align=&#8221;center&#8221; background_image_as_pattern=&#8221;without_pattern&#8221; z_index=&#8221;&#8221; css=&#8221;.vc_custom_1639576008333{background-color: #b5e3c3 !important;}&#8221;][vc_column][vc_empty_space height=&#8221;50px&#8221;][vc_column_text]<\/p>\n<h2 style=\"text-align: center;\"><span style=\"color: #684734;\"><strong>El nostre valor diferencial<\/strong><\/span><\/h2>\n<p>[\/vc_column_text][vc_separator type=&#8221;small&#8221; position=&#8221;center&#8221; thickness=&#8221;1,5&#8243; color=&#8221;#684734&#8243; transparency=&#8221;1&#8243; width=&#8221;20&#8243;][vc_empty_space][\/vc_column][\/vc_row][vc_row css_animation=&#8221;&#8221; row_type=&#8221;row&#8221; use_row_as_full_screen_section=&#8221;no&#8221; type=&#8221;grid&#8221; angled_section=&#8221;no&#8221; text_align=&#8221;left&#8221; background_image_as_pattern=&#8221;without_pattern&#8221; z_index=&#8221;&#8221; css=&#8221;.vc_custom_1639575956226{background-color: #b5e3c3 !important;}&#8221;][vc_column width=&#8221;1\/4&#8243;]<div class='q_icon_with_title large custom_icon_image center '><div class=\"icon_holder \" style=\" \"><img decoding=\"async\" itemprop=\"image\" style=\"\" src=\"https:\/\/mddmontserrat.com\/wp-content\/uploads\/2021\/12\/cuidado-2.png\" alt=\"\"><\/div><div class=\"icon_text_holder\" style=\"\"><div class=\"icon_text_inner\" style=\"\"><h5 class=\"icon_title\" style=\"\"><\/h5><p style=''><\/p><\/div><\/div><\/div>[vc_column_text css=&#8221;.vc_custom_1641380751143{border-top-width: 4px !important;border-right-width: 4px !important;border-bottom-width: 4px !important;border-left-width: 4px !important;background-color: #cab085 !important;border-left-color: #cab085 !important;border-left-style: solid !important;border-right-color: #cab085 !important;border-right-style: solid !important;border-top-color: #cab085 !important;border-top-style: solid !important;border-bottom-color: #cab085 !important;border-bottom-style: solid !important;border-radius: 1px !important;}&#8221;]<\/p>\n<p style=\"text-align: center;\"><strong><span style=\"color: #684734;\">Professionals altament qualificats<\/span><\/strong><\/p>\n<p>[\/vc_column_text][vc_empty_space height=&#8221;15&#8243;][\/vc_column][vc_column width=&#8221;1\/4&#8243;]<div class='q_icon_with_title large custom_icon_image center '><div class=\"icon_holder \" style=\" \"><img decoding=\"async\" itemprop=\"image\" style=\"\" src=\"https:\/\/mddmontserrat.com\/wp-content\/uploads\/2021\/12\/seguro-de-hogar-1.png\" alt=\"\"><\/div><div class=\"icon_text_holder\" style=\"\"><div class=\"icon_text_inner\" style=\"\"><h5 class=\"icon_title\" style=\"\"><\/h5><p style=''><\/p><\/div><\/div><\/div>[vc_column_text css=&#8221;.vc_custom_1641381005560{border-top-width: 4px !important;border-right-width: 4px !important;border-bottom-width: 4px !important;border-left-width: 4px !important;background-color: #cab085 !important;border-left-color: #cab085 !important;border-left-style: solid !important;border-right-color: #cab085 !important;border-right-style: solid !important;border-top-color: #cab085 !important;border-top-style: solid !important;border-bottom-color: #cab085 !important;border-bottom-style: solid !important;border-radius: 1px !important;}&#8221;]<\/p>\n<p style=\"text-align: center;\"><span style=\"color: #684734;\"><strong>Servei de proximitat<\/strong><\/span><\/p>\n<p style=\"text-align: center;\"><span style=\"color: #684734;\"><strong> i qualitat<\/strong><\/span><\/p>\n<p>[\/vc_column_text][vc_empty_space height=&#8221;15&#8243;][\/vc_column][vc_column width=&#8221;1\/4&#8243;]<div class='q_icon_with_title large custom_icon_image center '><div class=\"icon_holder \" style=\" \"><img decoding=\"async\" itemprop=\"image\" style=\"\" src=\"https:\/\/mddmontserrat.com\/wp-content\/uploads\/2021\/12\/informacion-personal.png\" alt=\"\"><\/div><div class=\"icon_text_holder\" style=\"\"><div class=\"icon_text_inner\" style=\"\"><h5 class=\"icon_title\" style=\"\"><\/h5><p style=''><\/p><\/div><\/div><\/div>[vc_column_text css=&#8221;.vc_custom_1641381016920{border-top-width: 4px !important;border-right-width: 4px !important;border-bottom-width: 4px !important;border-left-width: 4px !important;background-color: #cab085 !important;border-left-color: #cab085 !important;border-left-style: solid !important;border-right-color: #cab085 !important;border-right-style: solid !important;border-top-color: #cab085 !important;border-top-style: solid !important;border-bottom-color: #cab085 !important;border-bottom-style: solid !important;border-radius: 1px !important;}&#8221;]<\/p>\n<p style=\"text-align: center;\"><span style=\"color: #684734;\"><b>Ambie<span style=\"color: #684734;\">n<\/span><span style=\"color: #000000;\"><span style=\"color: #684734;\">t c\u00e0lid, familiar<\/span><\/span><\/b><\/span><\/p>\n<p style=\"text-align: center;\"><strong><span style=\"color: #684734;\">i segur<\/span><\/strong><\/p>\n<p>[\/vc_column_text][vc_empty_space height=&#8221;15&#8243;][\/vc_column][vc_column width=&#8221;1\/4&#8243;]<div class='q_icon_with_title large custom_icon_image center '><div class=\"icon_holder \" style=\" \"><img decoding=\"async\" itemprop=\"image\" style=\"\" src=\"https:\/\/mddmontserrat.com\/wp-content\/uploads\/2021\/12\/pin-de-ubicacion.png\" alt=\"\"><\/div><div class=\"icon_text_holder\" style=\"\"><div class=\"icon_text_inner\" style=\"\"><h5 class=\"icon_title\" style=\"\"><\/h5><p style=''><\/p><\/div><\/div><\/div>[vc_column_text css=&#8221;.vc_custom_1641380965362{border-top-width: 4px !important;border-right-width: 4px !important;border-bottom-width: 4px !important;border-left-width: 4px !important;background-color: #cab085 !important;border-left-color: #cab085 !important;border-left-style: solid !important;border-right-color: #cab085 !important;border-right-style: solid !important;border-top-color: #cab085 !important;border-top-style: solid !important;border-bottom-color: #cab085 !important;border-bottom-style: solid !important;border-radius: 1px !important;}&#8221;]<\/p>\n<p style=\"text-align: center;\"><strong><span style=\"color: #684734;\">Excel\u00b7lent entorn<\/span><\/strong><\/p>\n<p style=\"text-align: center;\"><strong><span style=\"color: #684734;\"> i ubicaci\u00f3<\/span><\/strong><\/p>\n<p>[\/vc_column_text][\/vc_column][\/vc_row][vc_row css_animation=&#8221;&#8221; row_type=&#8221;row&#8221; use_row_as_full_screen_section=&#8221;no&#8221; type=&#8221;full_width&#8221; angled_section=&#8221;no&#8221; text_align=&#8221;left&#8221; background_image_as_pattern=&#8221;without_pattern&#8221; css=&#8221;.vc_custom_1639575966956{background-color: #b5e3c3 !important;}&#8221; z_index=&#8221;&#8221;][vc_column][vc_empty_space][\/vc_column][\/vc_row][vc_row css_animation=&#8221;element_from_bottom&#8221; row_type=&#8221;row&#8221; use_row_as_full_screen_section=&#8221;yes&#8221; type=&#8221;grid&#8221; angled_section=&#8221;no&#8221; text_align=&#8221;center&#8221; background_image_as_pattern=&#8221;without_pattern&#8221; z_index=&#8221;&#8221; css=&#8221;.vc_custom_1620920529986{background-color: #f5f5f5 !important;}&#8221;][vc_column][vc_empty_space height=&#8221;50px&#8221;][vc_column_text]<\/p>\n<h2 style=\"text-align: center;\"><span style=\"color: #684734;\">Instal\u00b7lacions<\/span><\/h2>\n<p>[\/vc_column_text][vc_separator type=&#8221;small&#8221; position=&#8221;center&#8221; thickness=&#8221;1,5&#8243; color=&#8221;#684734&#8243; transparency=&#8221;1&#8243; width=&#8221;20&#8243;][vc_empty_space][\/vc_column][\/vc_row][vc_row css_animation=&#8221;element_from_bottom&#8221; row_type=&#8221;row&#8221; use_row_as_full_screen_section=&#8221;yes&#8221; type=&#8221;grid&#8221; angled_section=&#8221;no&#8221; text_align=&#8221;center&#8221; background_image_as_pattern=&#8221;without_pattern&#8221; z_index=&#8221;&#8221; css=&#8221;.vc_custom_1620920529986{background-color: #f5f5f5 !important;}&#8221;][vc_column][vc_empty_space][\/vc_column][\/vc_row][vc_row css_animation=&#8221;element_from_bottom&#8221; row_type=&#8221;row&#8221; use_row_as_full_screen_section=&#8221;yes&#8221; type=&#8221;grid&#8221; angled_section=&#8221;no&#8221; text_align=&#8221;center&#8221; background_image_as_pattern=&#8221;without_pattern&#8221; z_index=&#8221;&#8221; css=&#8221;.vc_custom_1620920529986{background-color: #f5f5f5 !important;}&#8221;][vc_column width=&#8221;1\/2&#8243;][vc_single_image image=&#8221;1541&#8243; img_size=&#8221;530&#215;240&#8243; alignment=&#8221;center&#8221; qode_css_animation=&#8221;&#8221; qode_hover_animation=&#8221;bottom_title&#8221;][vc_empty_space height=&#8221;10&#8243;][vc_single_image image=&#8221;1539&#8243; img_size=&#8221;530&#215;240&#8243; alignment=&#8221;center&#8221; qode_css_animation=&#8221;&#8221; qode_hover_animation=&#8221;bottom_title&#8221;][\/vc_column][vc_column width=&#8221;1\/2&#8243;][vc_single_image image=&#8221;1533&#8243; img_size=&#8221;530&#215;490&#8243; alignment=&#8221;center&#8221; qode_css_animation=&#8221;&#8221; qode_hover_animation=&#8221;bottom_title&#8221;][\/vc_column][\/vc_row][vc_row css_animation=&#8221;element_from_bottom&#8221; row_type=&#8221;row&#8221; use_row_as_full_screen_section=&#8221;yes&#8221; type=&#8221;grid&#8221; angled_section=&#8221;no&#8221; text_align=&#8221;center&#8221; background_image_as_pattern=&#8221;without_pattern&#8221; z_index=&#8221;&#8221; css=&#8221;.vc_custom_1620920529986{background-color: #f5f5f5 !important;}&#8221;][vc_column][vc_empty_space][\/vc_column][\/vc_row][vc_row css_animation=&#8221;element_from_bottom&#8221; row_type=&#8221;row&#8221; use_row_as_full_screen_section=&#8221;yes&#8221; type=&#8221;grid&#8221; angled_section=&#8221;no&#8221; text_align=&#8221;center&#8221; background_image_as_pattern=&#8221;without_pattern&#8221; z_index=&#8221;&#8221; css=&#8221;.vc_custom_1620920529986{background-color: #f5f5f5 !important;}&#8221;][vc_column][vc_empty_space][\/vc_column][\/vc_row][vc_row css_animation=&#8221;element_from_bottom&#8221; row_type=&#8221;row&#8221; use_row_as_full_screen_section=&#8221;yes&#8221; type=&#8221;grid&#8221; angled_section=&#8221;no&#8221; text_align=&#8221;center&#8221; background_image_as_pattern=&#8221;without_pattern&#8221; z_index=&#8221;&#8221; css=&#8221;.vc_custom_1620920529986{background-color: #f5f5f5 !important;}&#8221;][vc_column width=&#8221;1\/2&#8243;][vc_single_image image=&#8221;1580&#8243; img_size=&#8221;530&#215;490&#8243; alignment=&#8221;center&#8221; qode_css_animation=&#8221;&#8221; qode_hover_animation=&#8221;bottom_title&#8221;][\/vc_column][vc_column width=&#8221;1\/2&#8243;][vc_single_image image=&#8221;1578&#8243; img_size=&#8221;530&#215;240&#8243; alignment=&#8221;center&#8221; qode_css_animation=&#8221;&#8221; qode_hover_animation=&#8221;bottom_title&#8221;][vc_empty_space height=&#8221;10&#8243;][vc_single_image image=&#8221;1576&#8243; img_size=&#8221;530&#215;240&#8243; alignment=&#8221;center&#8221; qode_css_animation=&#8221;&#8221; qode_hover_animation=&#8221;bottom_title&#8221;][\/vc_column][\/vc_row][vc_row css_animation=&#8221;element_from_bottom&#8221; row_type=&#8221;row&#8221; use_row_as_full_screen_section=&#8221;yes&#8221; type=&#8221;grid&#8221; angled_section=&#8221;no&#8221; text_align=&#8221;center&#8221; background_image_as_pattern=&#8221;without_pattern&#8221; z_index=&#8221;&#8221; css=&#8221;.vc_custom_1620920529986{background-color: #f5f5f5 !important;}&#8221;][vc_column][vc_empty_space][\/vc_column][\/vc_row][vc_row css_animation=&#8221;element_from_bottom&#8221; row_type=&#8221;row&#8221; use_row_as_full_screen_section=&#8221;yes&#8221; type=&#8221;grid&#8221; angled_section=&#8221;no&#8221; text_align=&#8221;center&#8221; background_image_as_pattern=&#8221;without_pattern&#8221; z_index=&#8221;&#8221; css=&#8221;.vc_custom_1620920529986{background-color: #f5f5f5 !important;}&#8221;][vc_column]<a  itemprop=\"url\" href=\"https:\/\/mddmontserrat.com\/sample-page\/instalaciones\/\" target=\"_self\" data-hover-background-color='#cab085' data-hover-border-color='#cab085'  class=\"qbutton  medium center enlarge\" style=\"color: #684734; border-color: #cab085; background-color: #cab085;\">Veure m\u00e9s<span aria-hidden=\"true\" class=\"qode_icon_font_elegant arrow_carrot-2right qode_button_icon_element\" style=\"color: #684734;\" ><\/span><\/a>[vc_empty_space height=&#8221;60px&#8221;][\/vc_column][\/vc_row]<\/p>\n<\/div>","protected":false},"excerpt":{"rendered":"<p>[vc_row css_animation=&#8221;&#8221; row_type=&#8221;row&#8221; use_row_as_full_screen_section=&#8221;no&#8221; type=&#8221;full_width&#8221; angled_section=&#8221;no&#8221; text_align=&#8221;left&#8221; background_image_as_pattern=&#8221;without_pattern&#8221;][vc_column][rev_slider_vc alias=&#8221;Inicio&#8221;][\/vc_column][\/vc_row][vc_row css_animation=&#8221;&#8221; row_type=&#8221;row&#8221; use_row_as_full_screen_section=&#8221;no&#8221; type=&#8221;grid&#8221; angled_section=&#8221;no&#8221; text_align=&#8221;center&#8221; background_image_as_pattern=&#8221;without_pattern&#8221; z_index=&#8221;&#8221; background_color=&#8221;#ffffff&#8221;][vc_column][vc_empty_space][vc_column_text] Resid\u00e8ncia per a gent gran a Barcelona Benvinguts a la Resid\u00e8ncia Mare de D\u00e9u de Montserrat[\/vc_column_text][vc_empty_space][vc_column_text]Al centre de Barcelona, \u200b\u200ba pocs minuts de Sagrada Fam\u00edlia i de&#8230;<\/p>\n","protected":false},"author":3,"featured_media":1433,"parent":0,"menu_order":0,"comment_status":"closed","ping_status":"closed","template":"full_width.php","meta":{"footnotes":""},"yst_prominent_words":[],"class_list":["post-880","page","type-page","status-publish","has-post-thumbnail","hentry"],"_links":{"self":[{"href":"https:\/\/mddmontserrat.com\/ca\/wp-json\/wp\/v2\/pages\/880","targetHints":{"allow":["GET"]}}],"collection":[{"href":"https:\/\/mddmontserrat.com\/ca\/wp-json\/wp\/v2\/pages"}],"about":[{"href":"https:\/\/mddmontserrat.com\/ca\/wp-json\/wp\/v2\/types\/page"}],"author":[{"embeddable":true,"href":"https:\/\/mddmontserrat.com\/ca\/wp-json\/wp\/v2\/users\/3"}],"replies":[{"embeddable":true,"href":"https:\/\/mddmontserrat.com\/ca\/wp-json\/wp\/v2\/comments?post=880"}],"version-history":[{"count":48,"href":"https:\/\/mddmontserrat.com\/ca\/wp-json\/wp\/v2\/pages\/880\/revisions"}],"predecessor-version":[{"id":1628,"href":"https:\/\/mddmontserrat.com\/ca\/wp-json\/wp\/v2\/pages\/880\/revisions\/1628"}],"wp:featuredmedia":[{"embeddable":true,"href":"https:\/\/mddmontserrat.com\/ca\/wp-json\/wp\/v2\/media\/1433"}],"wp:attachment":[{"href":"https:\/\/mddmontserrat.com\/ca\/wp-json\/wp\/v2\/media?parent=880"}],"wp:term":[{"taxonomy":"yst_prominent_words","embeddable":true,"href":"https:\/\/mddmontserrat.com\/ca\/wp-json\/wp\/v2\/yst_prominent_words?post=880"}],"curies":[{"name":"wp","href":"https:\/\/api.w.org\/{rel}","templated":true}]}}